{"id":189,"date":"2019-10-14T15:59:40","date_gmt":"2019-10-14T13:59:40","guid":{"rendered":"https:\/\/erine-fleur.com\/?page_id=189"},"modified":"2025-04-23T18:44:02","modified_gmt":"2025-04-23T16:44:02","slug":"mariage","status":"publish","type":"page","link":"https:\/\/erine-fleur.com\/?page_id=189","title":{"rendered":"Mariage"},"content":{"rendered":"<p>[et_pb_section fb_built=\u00a0\u00bb1&Prime; fullwidth=\u00a0\u00bbon\u00a0\u00bb _builder_version=\u00a0\u00bb4.27.4&Prime; hover_enabled=\u00a0\u00bb0&Prime; global_colors_info=\u00a0\u00bb{}\u00a0\u00bb title_text=\u00a0\u00bbIMG_9127&Prime; background_image=\u00a0\u00bbhttps:\/\/erine-fleur.com\/wp-content\/uploads\/2024\/02\/IMG_9127-scaled.jpg\u00a0\u00bb sticky_enabled=\u00a0\u00bb0&Prime;][et_pb_fullwidth_slider _builder_version=\u00a0\u00bb4.27.4&Prime; min_height=\u00a0\u00bb692px\u00a0\u00bb custom_padding=\u00a0\u00bb0px||0px|||\u00a0\u00bb hover_enabled=\u00a0\u00bb0&Prime; text_shadow_style=\u00a0\u00bbpreset3&Prime; global_colors_info=\u00a0\u00bb{}\u00a0\u00bb sticky_enabled=\u00a0\u00bb0&Prime;][et_pb_slide heading=\u00a0\u00bbLe mariage&#8230;\u00a0\u00bb use_bg_overlay=\u00a0\u00bboff\u00a0\u00bb use_text_overlay=\u00a0\u00bbon\u00a0\u00bb _builder_version=\u00a0\u00bb4.27.4&Prime; body_font=\u00a0\u00bb||||||||\u00a0\u00bb body_text_color=\u00a0\u00bb#ffffff\u00a0\u00bb background_image=\u00a0\u00bbhttps:\/\/erine-fleur.com\/wp-content\/uploads\/2024\/05\/IMG_2367.jpg\u00a0\u00bb background_enable_image=\u00a0\u00bbon\u00a0\u00bb text_orientation=\u00a0\u00bbleft\u00a0\u00bb hover_enabled=\u00a0\u00bb0&Prime; body_text_shadow_style=\u00a0\u00bbpreset2&Prime; body_text_shadow_color=\u00a0\u00bbrgba(73,81,107,0.4)\u00a0\u00bb text_shadow_style=\u00a0\u00bbpreset2&Prime; global_colors_info=\u00a0\u00bb{}\u00a0\u00bb content__hover_enabled=\u00a0\u00bbon|desktop\u00a0\u00bb sticky_transition=\u00a0\u00bbon\u00a0\u00bb title_text=\u00a0\u00bbScreenshot\u00a0\u00bb sticky_enabled=\u00a0\u00bb0&Prime; content__hover=\u00a0\u00bb<\/p>\n<h2><\/h2>\n<h2>C&rsquo;est le jour o\u00f9 vous \u00eates le Roi et la Reine. Art et Fleur vous accompagne dans tous vos projets de d\u00e9corations, du choix du th\u00e8me et des couleurs aux moindres d\u00e9tails des accessoires.<\/h2>\n<h2>C&rsquo;est le jour o\u00f9 tout devrait \u00eatre exactement comme vous r\u00eavez.<\/h2>\n<p>\u00ab\u00a0]<\/p>\n<h2><\/h2>\n<h2>C&rsquo;est le jour o\u00f9 vous \u00eates le Roi et la Reine. Art et Fleur vous accompagne dans tous vos projets de d\u00e9corations, du choix du th\u00e8me et des couleurs aux moindres d\u00e9tails des accessoires.<\/h2>\n<h2>C&rsquo;est le jour o\u00f9 tout devrait \u00eatre exactement comme vous r\u00eavez.<\/h2>\n<p>[\/et_pb_slide][et_pb_slide use_bg_overlay=\u00a0\u00bboff\u00a0\u00bb use_text_overlay=\u00a0\u00bbon\u00a0\u00bb _builder_version=\u00a0\u00bb4.16&Prime; background_image=\u00a0\u00bbhttps:\/\/erine-fleur.com\/wp-content\/uploads\/2019\/10\/IMG_1924-e1606741615166.jpg\u00a0\u00bb background_enable_image=\u00a0\u00bbon\u00a0\u00bb text_shadow_style=\u00a0\u00bbpreset1&Prime; global_colors_info=\u00a0\u00bb{}\u00a0\u00bb sticky_transition=\u00a0\u00bbon\u00a0\u00bb]<\/p>\n<h2>Art et Fleur vous accompagne dans tous vos projets de d\u00e9corations, du choix du th\u00e8me et des couleurs aux moindres d\u00e9tails des accessoires:<\/h2>\n<p>[\/et_pb_slide][et_pb_slide heading=\u00a0\u00bbLa salle\u00a0\u00bb use_text_overlay=\u00a0\u00bbon\u00a0\u00bb _builder_version=\u00a0\u00bb4.16&Prime; background_image=\u00a0\u00bbhttps:\/\/erine-fleur.com\/wp-content\/uploads\/2019\/10\/IMG_1917.jpg\u00a0\u00bb background_enable_image=\u00a0\u00bbon\u00a0\u00bb global_colors_info=\u00a0\u00bb{}\u00a0\u00bb sticky_transition=\u00a0\u00bbon\u00a0\u00bb]<\/p>\n<h2>Le centre de table<\/h2>\n<h2>La d\u00e9co des chaises<\/h2>\n<p>[\/et_pb_slide][et_pb_slide heading=\u00a0\u00bbL&rsquo;arche de c\u00e9r\u00e9monie\u00a0\u00bb use_text_overlay=\u00a0\u00bbon\u00a0\u00bb _builder_version=\u00a0\u00bb4.27.4&Prime; background_image=\u00a0\u00bbhttps:\/\/erine-fleur.com\/wp-content\/uploads\/2024\/02\/IMG_9127-scaled.jpg\u00a0\u00bb background_enable_image=\u00a0\u00bbon\u00a0\u00bb hover_enabled=\u00a0\u00bb0&Prime; global_colors_info=\u00a0\u00bb{}\u00a0\u00bb sticky_transition=\u00a0\u00bbon\u00a0\u00bb title_text=\u00a0\u00bbIMG_9127&Prime; sticky_enabled=\u00a0\u00bb0&Prime;]<\/p>\n<h2>l&rsquo;espace des photos<\/h2>\n<p>&nbsp;<\/p>\n<p>[\/et_pb_slide][et_pb_slide use_text_overlay=\u00a0\u00bbon\u00a0\u00bb _builder_version=\u00a0\u00bb4.16&Prime; background_image=\u00a0\u00bbhttps:\/\/erine-fleur.com\/wp-content\/uploads\/2020\/11\/ca63e192af1e2952f20cf6fe6320d513.jpg\u00a0\u00bb background_enable_image=\u00a0\u00bbon\u00a0\u00bb global_colors_info=\u00a0\u00bb{}\u00a0\u00bb sticky_transition=\u00a0\u00bbon\u00a0\u00bb]<\/p>\n<h2>Et pour rendre votre c\u00e9r\u00e9monie plus vivante et plus \u00e9mouvante encore, Art et Fleur met une violoniste \u00e0 votre disposition au moment de votre choix.<\/h2>\n<p>[\/et_pb_slide][\/et_pb_fullwidth_slider][\/et_pb_section]<\/p>\n","protected":false},"excerpt":{"rendered":"<p>C&rsquo;est le jour o\u00f9 vous \u00eates le Roi et la Reine. Art et Fleur vous accompagne dans tous vos projets de d\u00e9corations, du choix du th\u00e8me et des couleurs aux moindres d\u00e9tails des accessoires. C&rsquo;est le jour o\u00f9 tout devrait \u00eatre exactement comme vous r\u00eavez.Art et Fleur vous accompagne dans tous vos projets de d\u00e9corations, [&hellip;]<\/p>\n","protected":false},"author":1,"featured_media":0,"parent":0,"menu_order":0,"comment_status":"closed","ping_status":"closed","template":"","meta":{"_et_pb_use_builder":"on","_et_pb_old_content":"","_et_gb_content_width":"","footnotes":""},"class_list":["post-189","page","type-page","status-publish","hentry"],"yoast_head":"<!-- This site is optimized with the Yoast SEO plugin v27.5 - https:\/\/yoast.com\/product\/yoast-seo-wordpress\/ -->\n<title>Mariage - Art et Fleur<\/title>\n<meta name=\"robots\" content=\"index, follow, max-snippet:-1, max-image-preview:large, max-video-preview:-1\" \/>\n<link rel=\"canonical\" href=\"https:\/\/erine-fleur.com\/?page_id=189\" \/>\n<meta property=\"og:locale\" content=\"fr_FR\" \/>\n<meta property=\"og:type\" content=\"article\" \/>\n<meta property=\"og:title\" content=\"Mariage - Art et Fleur\" \/>\n<meta property=\"og:description\" content=\"C&#039;est le jour o\u00f9 vous \u00eates le Roi et la Reine. Art et Fleur vous accompagne dans tous vos projets de d\u00e9corations, du choix du th\u00e8me et des couleurs aux moindres d\u00e9tails des accessoires. C&#039;est le jour o\u00f9 tout devrait \u00eatre exactement comme vous r\u00eavez.Art et Fleur vous accompagne dans tous vos projets de d\u00e9corations, [&hellip;]\" \/>\n<meta property=\"og:url\" content=\"https:\/\/erine-fleur.com\/?page_id=189\" \/>\n<meta property=\"og:site_name\" content=\"Art et Fleur\" \/>\n<meta property=\"article:modified_time\" content=\"2025-04-23T16:44:02+00:00\" \/>\n<meta property=\"og:image\" content=\"https:\/\/erine-fleur.com\/wp-content\/uploads\/2022\/12\/logo.jpg\" \/>\n\t<meta property=\"og:image:width\" content=\"1776\" \/>\n\t<meta property=\"og:image:height\" content=\"537\" \/>\n\t<meta property=\"og:image:type\" content=\"image\/jpeg\" \/>\n<meta name=\"twitter:card\" content=\"summary_large_image\" \/>\n<meta name=\"twitter:label1\" content=\"Dur\u00e9e de lecture estim\u00e9e\" \/>\n\t<meta name=\"twitter:data1\" content=\"2 minutes\" \/>\n<script type=\"application\/ld+json\" class=\"yoast-schema-graph\">{\"@context\":\"https:\\\/\\\/schema.org\",\"@graph\":[{\"@type\":\"WebPage\",\"@id\":\"https:\\\/\\\/erine-fleur.com\\\/?page_id=189\",\"url\":\"https:\\\/\\\/erine-fleur.com\\\/?page_id=189\",\"name\":\"Mariage - Art et Fleur\",\"isPartOf\":{\"@id\":\"https:\\\/\\\/erine-fleur.com\\\/#website\"},\"datePublished\":\"2019-10-14T13:59:40+00:00\",\"dateModified\":\"2025-04-23T16:44:02+00:00\",\"breadcrumb\":{\"@id\":\"https:\\\/\\\/erine-fleur.com\\\/?page_id=189#breadcrumb\"},\"inLanguage\":\"fr-FR\",\"potentialAction\":[{\"@type\":\"ReadAction\",\"target\":[\"https:\\\/\\\/erine-fleur.com\\\/?page_id=189\"]}]},{\"@type\":\"BreadcrumbList\",\"@id\":\"https:\\\/\\\/erine-fleur.com\\\/?page_id=189#breadcrumb\",\"itemListElement\":[{\"@type\":\"ListItem\",\"position\":1,\"name\":\"Accueil\",\"item\":\"https:\\\/\\\/erine-fleur.com\\\/\"},{\"@type\":\"ListItem\",\"position\":2,\"name\":\"Mariage\"}]},{\"@type\":\"WebSite\",\"@id\":\"https:\\\/\\\/erine-fleur.com\\\/#website\",\"url\":\"https:\\\/\\\/erine-fleur.com\\\/\",\"name\":\"Art et Fleur\",\"description\":\"Boutique de fleur \u00e0 Gap\",\"potentialAction\":[{\"@type\":\"SearchAction\",\"target\":{\"@type\":\"EntryPoint\",\"urlTemplate\":\"https:\\\/\\\/erine-fleur.com\\\/?s={search_term_string}\"},\"query-input\":{\"@type\":\"PropertyValueSpecification\",\"valueRequired\":true,\"valueName\":\"search_term_string\"}}],\"inLanguage\":\"fr-FR\"}]}<\/script>\n<!-- \/ Yoast SEO plugin. -->","yoast_head_json":{"title":"Mariage - Art et Fleur","robots":{"index":"index","follow":"follow","max-snippet":"max-snippet:-1","max-image-preview":"max-image-preview:large","max-video-preview":"max-video-preview:-1"},"canonical":"https:\/\/erine-fleur.com\/?page_id=189","og_locale":"fr_FR","og_type":"article","og_title":"Mariage - Art et Fleur","og_description":"C'est le jour o\u00f9 vous \u00eates le Roi et la Reine. Art et Fleur vous accompagne dans tous vos projets de d\u00e9corations, du choix du th\u00e8me et des couleurs aux moindres d\u00e9tails des accessoires. C'est le jour o\u00f9 tout devrait \u00eatre exactement comme vous r\u00eavez.Art et Fleur vous accompagne dans tous vos projets de d\u00e9corations, [&hellip;]","og_url":"https:\/\/erine-fleur.com\/?page_id=189","og_site_name":"Art et Fleur","article_modified_time":"2025-04-23T16:44:02+00:00","og_image":[{"width":1776,"height":537,"url":"https:\/\/erine-fleur.com\/wp-content\/uploads\/2022\/12\/logo.jpg","type":"image\/jpeg"}],"twitter_card":"summary_large_image","twitter_misc":{"Dur\u00e9e de lecture estim\u00e9e":"2 minutes"},"schema":{"@context":"https:\/\/schema.org","@graph":[{"@type":"WebPage","@id":"https:\/\/erine-fleur.com\/?page_id=189","url":"https:\/\/erine-fleur.com\/?page_id=189","name":"Mariage - Art et Fleur","isPartOf":{"@id":"https:\/\/erine-fleur.com\/#website"},"datePublished":"2019-10-14T13:59:40+00:00","dateModified":"2025-04-23T16:44:02+00:00","breadcrumb":{"@id":"https:\/\/erine-fleur.com\/?page_id=189#breadcrumb"},"inLanguage":"fr-FR","potentialAction":[{"@type":"ReadAction","target":["https:\/\/erine-fleur.com\/?page_id=189"]}]},{"@type":"BreadcrumbList","@id":"https:\/\/erine-fleur.com\/?page_id=189#breadcrumb","itemListElement":[{"@type":"ListItem","position":1,"name":"Accueil","item":"https:\/\/erine-fleur.com\/"},{"@type":"ListItem","position":2,"name":"Mariage"}]},{"@type":"WebSite","@id":"https:\/\/erine-fleur.com\/#website","url":"https:\/\/erine-fleur.com\/","name":"Art et Fleur","description":"Boutique de fleur \u00e0 Gap","potentialAction":[{"@type":"SearchAction","target":{"@type":"EntryPoint","urlTemplate":"https:\/\/erine-fleur.com\/?s={search_term_string}"},"query-input":{"@type":"PropertyValueSpecification","valueRequired":true,"valueName":"search_term_string"}}],"inLanguage":"fr-FR"}]}},"_links":{"self":[{"href":"https:\/\/erine-fleur.com\/index.php?rest_route=\/wp\/v2\/pages\/189","targetHints":{"allow":["GET"]}}],"collection":[{"href":"https:\/\/erine-fleur.com\/index.php?rest_route=\/wp\/v2\/pages"}],"about":[{"href":"https:\/\/erine-fleur.com\/index.php?rest_route=\/wp\/v2\/types\/page"}],"author":[{"embeddable":true,"href":"https:\/\/erine-fleur.com\/index.php?rest_route=\/wp\/v2\/users\/1"}],"replies":[{"embeddable":true,"href":"https:\/\/erine-fleur.com\/index.php?rest_route=%2Fwp%2Fv2%2Fcomments&post=189"}],"version-history":[{"count":28,"href":"https:\/\/erine-fleur.com\/index.php?rest_route=\/wp\/v2\/pages\/189\/revisions"}],"predecessor-version":[{"id":1081,"href":"https:\/\/erine-fleur.com\/index.php?rest_route=\/wp\/v2\/pages\/189\/revisions\/1081"}],"wp:attachment":[{"href":"https:\/\/erine-fleur.com\/index.php?rest_route=%2Fwp%2Fv2%2Fmedia&parent=189"}],"curies":[{"name":"wp","href":"https:\/\/api.w.org\/{rel}","templated":true}]}}