{"id":420,"date":"2020-12-03T10:50:15","date_gmt":"2020-12-03T09:50:15","guid":{"rendered":"https:\/\/erine-fleur.com\/?page_id=420"},"modified":"2025-02-06T22:07:16","modified_gmt":"2025-02-06T21:07:16","slug":"bouquets","status":"publish","type":"page","link":"https:\/\/erine-fleur.com\/?page_id=420","title":{"rendered":"Bouquets"},"content":{"rendered":"<p>[et_pb_section fb_built=\u00a0\u00bb1&Prime; inner_shadow=\u00a0\u00bbon\u00a0\u00bb _builder_version=\u00a0\u00bb4.19.4&Prime; background_color=\u00a0\u00bb#FFFFFF\u00a0\u00bb use_background_color_gradient=\u00a0\u00bbon\u00a0\u00bb background_image=\u00a0\u00bbhttps:\/\/erine-fleur.com\/wp-content\/uploads\/2019\/10\/fond3.jpg\u00a0\u00bb parallax=\u00a0\u00bbon\u00a0\u00bb custom_padding=\u00a0\u00bb4px|||||\u00a0\u00bb global_colors_info=\u00a0\u00bb{}\u00a0\u00bb][et_pb_row _builder_version=\u00a0\u00bb4.19.4&Prime; background_color=\u00a0\u00bbRGBA(255,255,255,0)\u00a0\u00bb min_height=\u00a0\u00bb113px\u00a0\u00bb custom_padding=\u00a0\u00bb||6px|||\u00a0\u00bb border_radii=\u00a0\u00bbon|NaNpx|NaNpx|NaNpx|NaNpx\u00a0\u00bb global_colors_info=\u00a0\u00bb{}\u00a0\u00bb][et_pb_column type=\u00a0\u00bb4_4&Prime; _builder_version=\u00a0\u00bb4.16&Prime; global_colors_info=\u00a0\u00bb{}\u00a0\u00bb][et_pb_text _builder_version=\u00a0\u00bb4.16&Prime; min_height=\u00a0\u00bb3px\u00a0\u00bb custom_margin=\u00a0\u00bb||-1px|||\u00a0\u00bb global_colors_info=\u00a0\u00bb{}\u00a0\u00bb]<\/p>\n<h2 style=\"text-align: center;\"><span style=\"color: #993300;\">Les bouquets sont uniques.<\/span><\/h2>\n<h2 style=\"text-align: center;\"><span style=\"color: #993300;\">Chacun est cr\u00e9\u00e9 en tenant compte des pr\u00e9f\u00e9rances et le gout du client.<\/span><\/h2>\n<p>[\/et_pb_text][\/et_pb_column][\/et_pb_row][et_pb_row _builder_version=\u00a0\u00bb4.19.4&Prime; _module_preset=\u00a0\u00bbdefault\u00a0\u00bb global_colors_info=\u00a0\u00bb{}\u00a0\u00bb][et_pb_column type=\u00a0\u00bb4_4&Prime; _builder_version=\u00a0\u00bb4.19.2&Prime; _module_preset=\u00a0\u00bbdefault\u00a0\u00bb global_colors_info=\u00a0\u00bb{}\u00a0\u00bb][et_pb_shop type=\u00a0\u00bbproduct_category\u00a0\u00bb include_categories=\u00a0\u00bb28&Prime; _builder_version=\u00a0\u00bb4.19.2&Prime; _module_preset=\u00a0\u00bbdefault\u00a0\u00bb price_text_color=\u00a0\u00bb#000000&Prime; price_font_size=\u00a0\u00bb18px\u00a0\u00bb sale_badge_font=\u00a0\u00bb|700|||||||\u00a0\u00bb min_height=\u00a0\u00bb875px\u00a0\u00bb hover_enabled=\u00a0\u00bb0&Prime; border_radii_image=\u00a0\u00bbon|5px|5px|5px|5px\u00a0\u00bb box_shadow_style=\u00a0\u00bbpreset1&Prime; box_shadow_horizontal=\u00a0\u00bb8px\u00a0\u00bb box_shadow_style_image=\u00a0\u00bbpreset1&Prime; global_colors_info=\u00a0\u00bb{}\u00a0\u00bb sticky_enabled=\u00a0\u00bb0&Prime;][\/et_pb_shop][\/et_pb_column][\/et_pb_row][\/et_pb_section]<\/p>\n","protected":false},"excerpt":{"rendered":"<p>Les bouquets sont uniques. Chacun est cr\u00e9\u00e9 en tenant compte des pr\u00e9f\u00e9rances et le gout du client.<\/p>\n","protected":false},"author":1,"featured_media":0,"parent":0,"menu_order":0,"comment_status":"closed","ping_status":"closed","template":"","meta":{"_et_pb_use_builder":"on","_et_pb_old_content":"","_et_gb_content_width":"","footnotes":""},"class_list":["post-420","page","type-page","status-publish","hentry"],"yoast_head":"<!-- This site is optimized with the Yoast SEO plugin v27.5 - https:\/\/yoast.com\/product\/yoast-seo-wordpress\/ -->\n<title>Bouquets - Art et Fleur<\/title>\n<meta name=\"robots\" content=\"index, follow, max-snippet:-1, max-image-preview:large, max-video-preview:-1\" \/>\n<link rel=\"canonical\" href=\"https:\/\/erine-fleur.com\/?page_id=420\" \/>\n<meta property=\"og:locale\" content=\"fr_FR\" \/>\n<meta property=\"og:type\" content=\"article\" \/>\n<meta property=\"og:title\" content=\"Bouquets - Art et Fleur\" \/>\n<meta property=\"og:description\" content=\"Les bouquets sont uniques. Chacun est cr\u00e9\u00e9 en tenant compte des pr\u00e9f\u00e9rances et le gout du client.\" \/>\n<meta property=\"og:url\" content=\"https:\/\/erine-fleur.com\/?page_id=420\" \/>\n<meta property=\"og:site_name\" content=\"Art et Fleur\" \/>\n<meta property=\"article:modified_time\" content=\"2025-02-06T21:07:16+00:00\" \/>\n<meta property=\"og:image\" content=\"https:\/\/erine-fleur.com\/wp-content\/uploads\/2022\/12\/logo.jpg\" \/>\n\t<meta property=\"og:image:width\" content=\"1776\" \/>\n\t<meta property=\"og:image:height\" content=\"537\" \/>\n\t<meta property=\"og:image:type\" content=\"image\/jpeg\" \/>\n<meta name=\"twitter:card\" content=\"summary_large_image\" \/>\n<meta name=\"twitter:label1\" content=\"Dur\u00e9e de lecture estim\u00e9e\" \/>\n\t<meta name=\"twitter:data1\" content=\"1 minute\" \/>\n<script type=\"application\/ld+json\" class=\"yoast-schema-graph\">{\"@context\":\"https:\\\/\\\/schema.org\",\"@graph\":[{\"@type\":\"WebPage\",\"@id\":\"https:\\\/\\\/erine-fleur.com\\\/?page_id=420\",\"url\":\"https:\\\/\\\/erine-fleur.com\\\/?page_id=420\",\"name\":\"Bouquets - Art et Fleur\",\"isPartOf\":{\"@id\":\"https:\\\/\\\/erine-fleur.com\\\/#website\"},\"datePublished\":\"2020-12-03T09:50:15+00:00\",\"dateModified\":\"2025-02-06T21:07:16+00:00\",\"breadcrumb\":{\"@id\":\"https:\\\/\\\/erine-fleur.com\\\/?page_id=420#breadcrumb\"},\"inLanguage\":\"fr-FR\",\"potentialAction\":[{\"@type\":\"ReadAction\",\"target\":[\"https:\\\/\\\/erine-fleur.com\\\/?page_id=420\"]}]},{\"@type\":\"BreadcrumbList\",\"@id\":\"https:\\\/\\\/erine-fleur.com\\\/?page_id=420#breadcrumb\",\"itemListElement\":[{\"@type\":\"ListItem\",\"position\":1,\"name\":\"Accueil\",\"item\":\"https:\\\/\\\/erine-fleur.com\\\/\"},{\"@type\":\"ListItem\",\"position\":2,\"name\":\"Bouquets\"}]},{\"@type\":\"WebSite\",\"@id\":\"https:\\\/\\\/erine-fleur.com\\\/#website\",\"url\":\"https:\\\/\\\/erine-fleur.com\\\/\",\"name\":\"Art et Fleur\",\"description\":\"Boutique de fleur \u00e0 Gap\",\"potentialAction\":[{\"@type\":\"SearchAction\",\"target\":{\"@type\":\"EntryPoint\",\"urlTemplate\":\"https:\\\/\\\/erine-fleur.com\\\/?s={search_term_string}\"},\"query-input\":{\"@type\":\"PropertyValueSpecification\",\"valueRequired\":true,\"valueName\":\"search_term_string\"}}],\"inLanguage\":\"fr-FR\"}]}<\/script>\n<!-- \/ Yoast SEO plugin. -->","yoast_head_json":{"title":"Bouquets - Art et Fleur","robots":{"index":"index","follow":"follow","max-snippet":"max-snippet:-1","max-image-preview":"max-image-preview:large","max-video-preview":"max-video-preview:-1"},"canonical":"https:\/\/erine-fleur.com\/?page_id=420","og_locale":"fr_FR","og_type":"article","og_title":"Bouquets - Art et Fleur","og_description":"Les bouquets sont uniques. Chacun est cr\u00e9\u00e9 en tenant compte des pr\u00e9f\u00e9rances et le gout du client.","og_url":"https:\/\/erine-fleur.com\/?page_id=420","og_site_name":"Art et Fleur","article_modified_time":"2025-02-06T21:07:16+00:00","og_image":[{"width":1776,"height":537,"url":"https:\/\/erine-fleur.com\/wp-content\/uploads\/2022\/12\/logo.jpg","type":"image\/jpeg"}],"twitter_card":"summary_large_image","twitter_misc":{"Dur\u00e9e de lecture estim\u00e9e":"1 minute"},"schema":{"@context":"https:\/\/schema.org","@graph":[{"@type":"WebPage","@id":"https:\/\/erine-fleur.com\/?page_id=420","url":"https:\/\/erine-fleur.com\/?page_id=420","name":"Bouquets - Art et Fleur","isPartOf":{"@id":"https:\/\/erine-fleur.com\/#website"},"datePublished":"2020-12-03T09:50:15+00:00","dateModified":"2025-02-06T21:07:16+00:00","breadcrumb":{"@id":"https:\/\/erine-fleur.com\/?page_id=420#breadcrumb"},"inLanguage":"fr-FR","potentialAction":[{"@type":"ReadAction","target":["https:\/\/erine-fleur.com\/?page_id=420"]}]},{"@type":"BreadcrumbList","@id":"https:\/\/erine-fleur.com\/?page_id=420#breadcrumb","itemListElement":[{"@type":"ListItem","position":1,"name":"Accueil","item":"https:\/\/erine-fleur.com\/"},{"@type":"ListItem","position":2,"name":"Bouquets"}]},{"@type":"WebSite","@id":"https:\/\/erine-fleur.com\/#website","url":"https:\/\/erine-fleur.com\/","name":"Art et Fleur","description":"Boutique de fleur \u00e0 Gap","potentialAction":[{"@type":"SearchAction","target":{"@type":"EntryPoint","urlTemplate":"https:\/\/erine-fleur.com\/?s={search_term_string}"},"query-input":{"@type":"PropertyValueSpecification","valueRequired":true,"valueName":"search_term_string"}}],"inLanguage":"fr-FR"}]}},"_links":{"self":[{"href":"https:\/\/erine-fleur.com\/index.php?rest_route=\/wp\/v2\/pages\/420","targetHints":{"allow":["GET"]}}],"collection":[{"href":"https:\/\/erine-fleur.com\/index.php?rest_route=\/wp\/v2\/pages"}],"about":[{"href":"https:\/\/erine-fleur.com\/index.php?rest_route=\/wp\/v2\/types\/page"}],"author":[{"embeddable":true,"href":"https:\/\/erine-fleur.com\/index.php?rest_route=\/wp\/v2\/users\/1"}],"replies":[{"embeddable":true,"href":"https:\/\/erine-fleur.com\/index.php?rest_route=%2Fwp%2Fv2%2Fcomments&post=420"}],"version-history":[{"count":24,"href":"https:\/\/erine-fleur.com\/index.php?rest_route=\/wp\/v2\/pages\/420\/revisions"}],"predecessor-version":[{"id":1066,"href":"https:\/\/erine-fleur.com\/index.php?rest_route=\/wp\/v2\/pages\/420\/revisions\/1066"}],"wp:attachment":[{"href":"https:\/\/erine-fleur.com\/index.php?rest_route=%2Fwp%2Fv2%2Fmedia&parent=420"}],"curies":[{"name":"wp","href":"https:\/\/api.w.org\/{rel}","templated":true}]}}