{"id":738,"date":"2022-12-06T12:28:10","date_gmt":"2022-12-06T11:28:10","guid":{"rendered":"https:\/\/erine-fleur.com\/?post_type=product&#038;p=738"},"modified":"2022-12-08T16:19:37","modified_gmt":"2022-12-08T15:19:37","slug":"orchidee-mauve-tachetee","status":"publish","type":"product","link":"https:\/\/erine-fleur.com\/?product=orchidee-mauve-tachetee","title":{"rendered":"Orchid\u00e9e mauve tachet\u00e9e"},"content":{"rendered":"<p>orchid\u00e9e mauve tachet\u00e9e avec le pot<\/p>\n<p>&nbsp;<\/p>\n","protected":false},"excerpt":{"rendered":"<p>orchid\u00e9e mauve tachet\u00e9e avec le pot &nbsp;<\/p>\n","protected":false},"featured_media":721,"comment_status":"closed","ping_status":"closed","template":"","meta":{"_et_pb_use_builder":"","_et_pb_old_content":"","_et_gb_content_width":""},"product_brand":[],"product_cat":[36,35],"product_tag":[],"class_list":{"0":"post-738","1":"product","2":"type-product","3":"status-publish","4":"has-post-thumbnail","6":"product_cat-orchidee","7":"product_cat-plantes","9":"first","10":"instock","11":"virtual","12":"purchasable","13":"product-type-simple"},"yoast_head":"<!-- This site is optimized with the Yoast SEO plugin v27.5 - https:\/\/yoast.com\/product\/yoast-seo-wordpress\/ -->\n<title>Orchid\u00e9e mauve tachet\u00e9e - Art et Fleur<\/title>\n<meta name=\"robots\" content=\"index, follow, max-snippet:-1, max-image-preview:large, max-video-preview:-1\" \/>\n<link rel=\"canonical\" href=\"https:\/\/erine-fleur.com\/?product=orchidee-mauve-tachetee\" \/>\n<meta property=\"og:locale\" content=\"fr_FR\" \/>\n<meta property=\"og:type\" content=\"article\" \/>\n<meta property=\"og:title\" content=\"Orchid\u00e9e mauve tachet\u00e9e - Art et Fleur\" \/>\n<meta property=\"og:description\" content=\"orchid\u00e9e mauve tachet\u00e9e avec le pot &nbsp;\" \/>\n<meta property=\"og:url\" content=\"https:\/\/erine-fleur.com\/?product=orchidee-mauve-tachetee\" \/>\n<meta property=\"og:site_name\" content=\"Art et Fleur\" \/>\n<meta property=\"article:modified_time\" content=\"2022-12-08T15:19:37+00:00\" \/>\n<meta property=\"og:image\" content=\"https:\/\/erine-fleur.com\/wp-content\/uploads\/2022\/12\/IMG-5896-scaled.jpg\" \/>\n\t<meta property=\"og:image:width\" content=\"1513\" \/>\n\t<meta property=\"og:image:height\" content=\"2560\" \/>\n\t<meta property=\"og:image:type\" content=\"image\/jpeg\" \/>\n<meta name=\"twitter:card\" content=\"summary_large_image\" \/>\n<script type=\"application\/ld+json\" class=\"yoast-schema-graph\">{\"@context\":\"https:\\\/\\\/schema.org\",\"@graph\":[{\"@type\":\"WebPage\",\"@id\":\"https:\\\/\\\/erine-fleur.com\\\/?product=orchidee-mauve-tachetee\",\"url\":\"https:\\\/\\\/erine-fleur.com\\\/?product=orchidee-mauve-tachetee\",\"name\":\"Orchid\u00e9e mauve tachet\u00e9e - Art et Fleur\",\"isPartOf\":{\"@id\":\"https:\\\/\\\/erine-fleur.com\\\/#website\"},\"primaryImageOfPage\":{\"@id\":\"https:\\\/\\\/erine-fleur.com\\\/?product=orchidee-mauve-tachetee#primaryimage\"},\"image\":{\"@id\":\"https:\\\/\\\/erine-fleur.com\\\/?product=orchidee-mauve-tachetee#primaryimage\"},\"thumbnailUrl\":\"https:\\\/\\\/erine-fleur.com\\\/wp-content\\\/uploads\\\/2022\\\/12\\\/IMG-5896-scaled.jpg\",\"datePublished\":\"2022-12-06T11:28:10+00:00\",\"dateModified\":\"2022-12-08T15:19:37+00:00\",\"breadcrumb\":{\"@id\":\"https:\\\/\\\/erine-fleur.com\\\/?product=orchidee-mauve-tachetee#breadcrumb\"},\"inLanguage\":\"fr-FR\",\"potentialAction\":[{\"@type\":\"ReadAction\",\"target\":[\"https:\\\/\\\/erine-fleur.com\\\/?product=orchidee-mauve-tachetee\"]}]},{\"@type\":\"ImageObject\",\"inLanguage\":\"fr-FR\",\"@id\":\"https:\\\/\\\/erine-fleur.com\\\/?product=orchidee-mauve-tachetee#primaryimage\",\"url\":\"https:\\\/\\\/erine-fleur.com\\\/wp-content\\\/uploads\\\/2022\\\/12\\\/IMG-5896-scaled.jpg\",\"contentUrl\":\"https:\\\/\\\/erine-fleur.com\\\/wp-content\\\/uploads\\\/2022\\\/12\\\/IMG-5896-scaled.jpg\",\"width\":1513,\"height\":2560},{\"@type\":\"BreadcrumbList\",\"@id\":\"https:\\\/\\\/erine-fleur.com\\\/?product=orchidee-mauve-tachetee#breadcrumb\",\"itemListElement\":[{\"@type\":\"ListItem\",\"position\":1,\"name\":\"Accueil\",\"item\":\"https:\\\/\\\/erine-fleur.com\\\/\"},{\"@type\":\"ListItem\",\"position\":2,\"name\":\"Produits\",\"item\":\"https:\\\/\\\/erine-fleur.com\\\/?post_type=product\"},{\"@type\":\"ListItem\",\"position\":3,\"name\":\"Orchid\u00e9e mauve tachet\u00e9e\"}]},{\"@type\":\"WebSite\",\"@id\":\"https:\\\/\\\/erine-fleur.com\\\/#website\",\"url\":\"https:\\\/\\\/erine-fleur.com\\\/\",\"name\":\"Art et Fleur\",\"description\":\"Boutique de fleur \u00e0 Gap\",\"potentialAction\":[{\"@type\":\"SearchAction\",\"target\":{\"@type\":\"EntryPoint\",\"urlTemplate\":\"https:\\\/\\\/erine-fleur.com\\\/?s={search_term_string}\"},\"query-input\":{\"@type\":\"PropertyValueSpecification\",\"valueRequired\":true,\"valueName\":\"search_term_string\"}}],\"inLanguage\":\"fr-FR\"}]}<\/script>\n<!-- \/ Yoast SEO plugin. -->","yoast_head_json":{"title":"Orchid\u00e9e mauve tachet\u00e9e - Art et Fleur","robots":{"index":"index","follow":"follow","max-snippet":"max-snippet:-1","max-image-preview":"max-image-preview:large","max-video-preview":"max-video-preview:-1"},"canonical":"https:\/\/erine-fleur.com\/?product=orchidee-mauve-tachetee","og_locale":"fr_FR","og_type":"article","og_title":"Orchid\u00e9e mauve tachet\u00e9e - Art et Fleur","og_description":"orchid\u00e9e mauve tachet\u00e9e avec le pot &nbsp;","og_url":"https:\/\/erine-fleur.com\/?product=orchidee-mauve-tachetee","og_site_name":"Art et Fleur","article_modified_time":"2022-12-08T15:19:37+00:00","og_image":[{"width":1513,"height":2560,"url":"https:\/\/erine-fleur.com\/wp-content\/uploads\/2022\/12\/IMG-5896-scaled.jpg","type":"image\/jpeg"}],"twitter_card":"summary_large_image","schema":{"@context":"https:\/\/schema.org","@graph":[{"@type":"WebPage","@id":"https:\/\/erine-fleur.com\/?product=orchidee-mauve-tachetee","url":"https:\/\/erine-fleur.com\/?product=orchidee-mauve-tachetee","name":"Orchid\u00e9e mauve tachet\u00e9e - Art et Fleur","isPartOf":{"@id":"https:\/\/erine-fleur.com\/#website"},"primaryImageOfPage":{"@id":"https:\/\/erine-fleur.com\/?product=orchidee-mauve-tachetee#primaryimage"},"image":{"@id":"https:\/\/erine-fleur.com\/?product=orchidee-mauve-tachetee#primaryimage"},"thumbnailUrl":"https:\/\/erine-fleur.com\/wp-content\/uploads\/2022\/12\/IMG-5896-scaled.jpg","datePublished":"2022-12-06T11:28:10+00:00","dateModified":"2022-12-08T15:19:37+00:00","breadcrumb":{"@id":"https:\/\/erine-fleur.com\/?product=orchidee-mauve-tachetee#breadcrumb"},"inLanguage":"fr-FR","potentialAction":[{"@type":"ReadAction","target":["https:\/\/erine-fleur.com\/?product=orchidee-mauve-tachetee"]}]},{"@type":"ImageObject","inLanguage":"fr-FR","@id":"https:\/\/erine-fleur.com\/?product=orchidee-mauve-tachetee#primaryimage","url":"https:\/\/erine-fleur.com\/wp-content\/uploads\/2022\/12\/IMG-5896-scaled.jpg","contentUrl":"https:\/\/erine-fleur.com\/wp-content\/uploads\/2022\/12\/IMG-5896-scaled.jpg","width":1513,"height":2560},{"@type":"BreadcrumbList","@id":"https:\/\/erine-fleur.com\/?product=orchidee-mauve-tachetee#breadcrumb","itemListElement":[{"@type":"ListItem","position":1,"name":"Accueil","item":"https:\/\/erine-fleur.com\/"},{"@type":"ListItem","position":2,"name":"Produits","item":"https:\/\/erine-fleur.com\/?post_type=product"},{"@type":"ListItem","position":3,"name":"Orchid\u00e9e mauve tachet\u00e9e"}]},{"@type":"WebSite","@id":"https:\/\/erine-fleur.com\/#website","url":"https:\/\/erine-fleur.com\/","name":"Art et Fleur","description":"Boutique de fleur \u00e0 Gap","potentialAction":[{"@type":"SearchAction","target":{"@type":"EntryPoint","urlTemplate":"https:\/\/erine-fleur.com\/?s={search_term_string}"},"query-input":{"@type":"PropertyValueSpecification","valueRequired":true,"valueName":"search_term_string"}}],"inLanguage":"fr-FR"}]}},"_links":{"self":[{"href":"https:\/\/erine-fleur.com\/index.php?rest_route=\/wp\/v2\/product\/738","targetHints":{"allow":["GET"]}}],"collection":[{"href":"https:\/\/erine-fleur.com\/index.php?rest_route=\/wp\/v2\/product"}],"about":[{"href":"https:\/\/erine-fleur.com\/index.php?rest_route=\/wp\/v2\/types\/product"}],"replies":[{"embeddable":true,"href":"https:\/\/erine-fleur.com\/index.php?rest_route=%2Fwp%2Fv2%2Fcomments&post=738"}],"wp:featuredmedia":[{"embeddable":true,"href":"https:\/\/erine-fleur.com\/index.php?rest_route=\/wp\/v2\/media\/721"}],"wp:attachment":[{"href":"https:\/\/erine-fleur.com\/index.php?rest_route=%2Fwp%2Fv2%2Fmedia&parent=738"}],"wp:term":[{"taxonomy":"product_brand","embeddable":true,"href":"https:\/\/erine-fleur.com\/index.php?rest_route=%2Fwp%2Fv2%2Fproduct_brand&post=738"},{"taxonomy":"product_cat","embeddable":true,"href":"https:\/\/erine-fleur.com\/index.php?rest_route=%2Fwp%2Fv2%2Fproduct_cat&post=738"},{"taxonomy":"product_tag","embeddable":true,"href":"https:\/\/erine-fleur.com\/index.php?rest_route=%2Fwp%2Fv2%2Fproduct_tag&post=738"}],"curies":[{"name":"wp","href":"https:\/\/api.w.org\/{rel}","templated":true}]}}