{"id":878,"date":"2022-12-14T23:12:49","date_gmt":"2022-12-14T22:12:49","guid":{"rendered":"https:\/\/erine-fleur.com\/?post_type=product&#038;p=878"},"modified":"2022-12-15T15:17:34","modified_gmt":"2022-12-15T14:17:34","slug":"requiem","status":"publish","type":"product","link":"https:\/\/erine-fleur.com\/?product=requiem","title":{"rendered":"Requiem"},"content":{"rendered":"<p><strong>Cette cr\u00e9ation deuil<\/strong> s&rsquo;offre\u00a0pour exprimer son soutien et sa sympathie, pour un <strong>enterrement<\/strong>, condol\u00e9ances, comm\u00e9moration&#8230;<\/p>\n<p>Les fleurs et les couleurs peuvent \u00eatre vari\u00e9es selon la demande du client<\/p>\n","protected":false},"excerpt":{"rendered":"<p>Cette cr\u00e9ation deuil s&rsquo;offre\u00a0pour exprimer son soutien et sa sympathie, pour un enterrement, condol\u00e9ances, comm\u00e9moration&#8230; Les fleurs et les couleurs peuvent \u00eatre vari\u00e9es selon la demande du client<\/p>\n","protected":false},"featured_media":867,"comment_status":"closed","ping_status":"closed","template":"","meta":{"_et_pb_use_builder":"","_et_pb_old_content":"","_et_gb_content_width":""},"product_brand":[],"product_cat":[49],"product_tag":[],"class_list":{"0":"post-878","1":"product","2":"type-product","3":"status-publish","4":"has-post-thumbnail","6":"product_cat-deuil","8":"first","9":"instock","10":"shipping-taxable","11":"purchasable","12":"product-type-simple"},"yoast_head":"<!-- This site is optimized with the Yoast SEO plugin v27.5 - https:\/\/yoast.com\/product\/yoast-seo-wordpress\/ -->\n<title>Requiem - Art et Fleur<\/title>\n<meta name=\"description\" content=\"Composition florale pour un enterrement, comm\u00e9moration, condol\u00e9ances. Les fleurs et les couleurs peuvent \u00eatre vari\u00e9es selon la commende du client.\" \/>\n<meta name=\"robots\" content=\"index, follow, max-snippet:-1, max-image-preview:large, max-video-preview:-1\" \/>\n<link rel=\"canonical\" href=\"https:\/\/erine-fleur.com\/?product=requiem\" \/>\n<meta property=\"og:locale\" content=\"fr_FR\" \/>\n<meta property=\"og:type\" content=\"article\" \/>\n<meta property=\"og:title\" content=\"Requiem - Art et Fleur\" \/>\n<meta property=\"og:description\" content=\"Composition florale pour un enterrement, comm\u00e9moration, condol\u00e9ances. Les fleurs et les couleurs peuvent \u00eatre vari\u00e9es selon la commende du client.\" \/>\n<meta property=\"og:url\" content=\"https:\/\/erine-fleur.com\/?product=requiem\" \/>\n<meta property=\"og:site_name\" content=\"Art et Fleur\" \/>\n<meta property=\"article:modified_time\" content=\"2022-12-15T14:17:34+00:00\" \/>\n<meta property=\"og:image\" content=\"https:\/\/erine-fleur.com\/wp-content\/uploads\/2022\/12\/IMG-0714-864x1024.png\" \/>\n\t<meta property=\"og:image:width\" content=\"864\" \/>\n\t<meta property=\"og:image:height\" content=\"1024\" \/>\n\t<meta property=\"og:image:type\" content=\"image\/png\" \/>\n<meta name=\"twitter:card\" content=\"summary_large_image\" \/>\n<meta name=\"twitter:label1\" content=\"Dur\u00e9e de lecture estim\u00e9e\" \/>\n\t<meta name=\"twitter:data1\" content=\"1 minute\" \/>\n<script type=\"application\/ld+json\" class=\"yoast-schema-graph\">{\"@context\":\"https:\\\/\\\/schema.org\",\"@graph\":[{\"@type\":\"WebPage\",\"@id\":\"https:\\\/\\\/erine-fleur.com\\\/?product=requiem\",\"url\":\"https:\\\/\\\/erine-fleur.com\\\/?product=requiem\",\"name\":\"Requiem - Art et Fleur\",\"isPartOf\":{\"@id\":\"https:\\\/\\\/erine-fleur.com\\\/#website\"},\"primaryImageOfPage\":{\"@id\":\"https:\\\/\\\/erine-fleur.com\\\/?product=requiem#primaryimage\"},\"image\":{\"@id\":\"https:\\\/\\\/erine-fleur.com\\\/?product=requiem#primaryimage\"},\"thumbnailUrl\":\"https:\\\/\\\/erine-fleur.com\\\/wp-content\\\/uploads\\\/2022\\\/12\\\/IMG-0714-e1670852217753.png\",\"datePublished\":\"2022-12-14T22:12:49+00:00\",\"dateModified\":\"2022-12-15T14:17:34+00:00\",\"description\":\"Composition florale pour un enterrement, comm\u00e9moration, condol\u00e9ances. Les fleurs et les couleurs peuvent \u00eatre vari\u00e9es selon la commende du client.\",\"breadcrumb\":{\"@id\":\"https:\\\/\\\/erine-fleur.com\\\/?product=requiem#breadcrumb\"},\"inLanguage\":\"fr-FR\",\"potentialAction\":[{\"@type\":\"ReadAction\",\"target\":[\"https:\\\/\\\/erine-fleur.com\\\/?product=requiem\"]}]},{\"@type\":\"ImageObject\",\"inLanguage\":\"fr-FR\",\"@id\":\"https:\\\/\\\/erine-fleur.com\\\/?product=requiem#primaryimage\",\"url\":\"https:\\\/\\\/erine-fleur.com\\\/wp-content\\\/uploads\\\/2022\\\/12\\\/IMG-0714-e1670852217753.png\",\"contentUrl\":\"https:\\\/\\\/erine-fleur.com\\\/wp-content\\\/uploads\\\/2022\\\/12\\\/IMG-0714-e1670852217753.png\",\"width\":776,\"height\":920},{\"@type\":\"BreadcrumbList\",\"@id\":\"https:\\\/\\\/erine-fleur.com\\\/?product=requiem#breadcrumb\",\"itemListElement\":[{\"@type\":\"ListItem\",\"position\":1,\"name\":\"Accueil\",\"item\":\"https:\\\/\\\/erine-fleur.com\\\/\"},{\"@type\":\"ListItem\",\"position\":2,\"name\":\"Produits\",\"item\":\"https:\\\/\\\/erine-fleur.com\\\/?post_type=product\"},{\"@type\":\"ListItem\",\"position\":3,\"name\":\"Requiem\"}]},{\"@type\":\"WebSite\",\"@id\":\"https:\\\/\\\/erine-fleur.com\\\/#website\",\"url\":\"https:\\\/\\\/erine-fleur.com\\\/\",\"name\":\"Art et Fleur\",\"description\":\"Boutique de fleur \u00e0 Gap\",\"potentialAction\":[{\"@type\":\"SearchAction\",\"target\":{\"@type\":\"EntryPoint\",\"urlTemplate\":\"https:\\\/\\\/erine-fleur.com\\\/?s={search_term_string}\"},\"query-input\":{\"@type\":\"PropertyValueSpecification\",\"valueRequired\":true,\"valueName\":\"search_term_string\"}}],\"inLanguage\":\"fr-FR\"}]}<\/script>\n<!-- \/ Yoast SEO plugin. -->","yoast_head_json":{"title":"Requiem - Art et Fleur","description":"Composition florale pour un enterrement, comm\u00e9moration, condol\u00e9ances. Les fleurs et les couleurs peuvent \u00eatre vari\u00e9es selon la commende du client.","robots":{"index":"index","follow":"follow","max-snippet":"max-snippet:-1","max-image-preview":"max-image-preview:large","max-video-preview":"max-video-preview:-1"},"canonical":"https:\/\/erine-fleur.com\/?product=requiem","og_locale":"fr_FR","og_type":"article","og_title":"Requiem - Art et Fleur","og_description":"Composition florale pour un enterrement, comm\u00e9moration, condol\u00e9ances. Les fleurs et les couleurs peuvent \u00eatre vari\u00e9es selon la commende du client.","og_url":"https:\/\/erine-fleur.com\/?product=requiem","og_site_name":"Art et Fleur","article_modified_time":"2022-12-15T14:17:34+00:00","og_image":[{"width":864,"height":1024,"url":"https:\/\/erine-fleur.com\/wp-content\/uploads\/2022\/12\/IMG-0714-864x1024.png","type":"image\/png"}],"twitter_card":"summary_large_image","twitter_misc":{"Dur\u00e9e de lecture estim\u00e9e":"1 minute"},"schema":{"@context":"https:\/\/schema.org","@graph":[{"@type":"WebPage","@id":"https:\/\/erine-fleur.com\/?product=requiem","url":"https:\/\/erine-fleur.com\/?product=requiem","name":"Requiem - Art et Fleur","isPartOf":{"@id":"https:\/\/erine-fleur.com\/#website"},"primaryImageOfPage":{"@id":"https:\/\/erine-fleur.com\/?product=requiem#primaryimage"},"image":{"@id":"https:\/\/erine-fleur.com\/?product=requiem#primaryimage"},"thumbnailUrl":"https:\/\/erine-fleur.com\/wp-content\/uploads\/2022\/12\/IMG-0714-e1670852217753.png","datePublished":"2022-12-14T22:12:49+00:00","dateModified":"2022-12-15T14:17:34+00:00","description":"Composition florale pour un enterrement, comm\u00e9moration, condol\u00e9ances. Les fleurs et les couleurs peuvent \u00eatre vari\u00e9es selon la commende du client.","breadcrumb":{"@id":"https:\/\/erine-fleur.com\/?product=requiem#breadcrumb"},"inLanguage":"fr-FR","potentialAction":[{"@type":"ReadAction","target":["https:\/\/erine-fleur.com\/?product=requiem"]}]},{"@type":"ImageObject","inLanguage":"fr-FR","@id":"https:\/\/erine-fleur.com\/?product=requiem#primaryimage","url":"https:\/\/erine-fleur.com\/wp-content\/uploads\/2022\/12\/IMG-0714-e1670852217753.png","contentUrl":"https:\/\/erine-fleur.com\/wp-content\/uploads\/2022\/12\/IMG-0714-e1670852217753.png","width":776,"height":920},{"@type":"BreadcrumbList","@id":"https:\/\/erine-fleur.com\/?product=requiem#breadcrumb","itemListElement":[{"@type":"ListItem","position":1,"name":"Accueil","item":"https:\/\/erine-fleur.com\/"},{"@type":"ListItem","position":2,"name":"Produits","item":"https:\/\/erine-fleur.com\/?post_type=product"},{"@type":"ListItem","position":3,"name":"Requiem"}]},{"@type":"WebSite","@id":"https:\/\/erine-fleur.com\/#website","url":"https:\/\/erine-fleur.com\/","name":"Art et Fleur","description":"Boutique de fleur \u00e0 Gap","potentialAction":[{"@type":"SearchAction","target":{"@type":"EntryPoint","urlTemplate":"https:\/\/erine-fleur.com\/?s={search_term_string}"},"query-input":{"@type":"PropertyValueSpecification","valueRequired":true,"valueName":"search_term_string"}}],"inLanguage":"fr-FR"}]}},"_links":{"self":[{"href":"https:\/\/erine-fleur.com\/index.php?rest_route=\/wp\/v2\/product\/878","targetHints":{"allow":["GET"]}}],"collection":[{"href":"https:\/\/erine-fleur.com\/index.php?rest_route=\/wp\/v2\/product"}],"about":[{"href":"https:\/\/erine-fleur.com\/index.php?rest_route=\/wp\/v2\/types\/product"}],"replies":[{"embeddable":true,"href":"https:\/\/erine-fleur.com\/index.php?rest_route=%2Fwp%2Fv2%2Fcomments&post=878"}],"wp:featuredmedia":[{"embeddable":true,"href":"https:\/\/erine-fleur.com\/index.php?rest_route=\/wp\/v2\/media\/867"}],"wp:attachment":[{"href":"https:\/\/erine-fleur.com\/index.php?rest_route=%2Fwp%2Fv2%2Fmedia&parent=878"}],"wp:term":[{"taxonomy":"product_brand","embeddable":true,"href":"https:\/\/erine-fleur.com\/index.php?rest_route=%2Fwp%2Fv2%2Fproduct_brand&post=878"},{"taxonomy":"product_cat","embeddable":true,"href":"https:\/\/erine-fleur.com\/index.php?rest_route=%2Fwp%2Fv2%2Fproduct_cat&post=878"},{"taxonomy":"product_tag","embeddable":true,"href":"https:\/\/erine-fleur.com\/index.php?rest_route=%2Fwp%2Fv2%2Fproduct_tag&post=878"}],"curies":[{"name":"wp","href":"https:\/\/api.w.org\/{rel}","templated":true}]}}