{"id":882,"date":"2022-12-14T23:30:05","date_gmt":"2022-12-14T22:30:05","guid":{"rendered":"https:\/\/erine-fleur.com\/?post_type=product&#038;p=882"},"modified":"2022-12-15T15:06:16","modified_gmt":"2022-12-15T14:06:16","slug":"eternel","status":"publish","type":"product","link":"https:\/\/erine-fleur.com\/?product=eternel","title":{"rendered":"Eternel"},"content":{"rendered":"","protected":false},"excerpt":{"rendered":"","protected":false},"featured_media":864,"comment_status":"closed","ping_status":"closed","template":"","meta":{"_et_pb_use_builder":"","_et_pb_old_content":"","_et_gb_content_width":""},"product_brand":[],"product_cat":[18],"product_tag":[],"class_list":{"0":"post-882","1":"product","2":"type-product","3":"status-publish","4":"has-post-thumbnail","6":"product_cat-non-classe","8":"first","9":"instock","10":"shipping-taxable","11":"purchasable","12":"product-type-simple"},"yoast_head":"<!-- This site is optimized with the Yoast SEO plugin v26.8 - https:\/\/yoast.com\/product\/yoast-seo-wordpress\/ -->\n<title>Eternel - Art et Fleur<\/title>\n<meta name=\"description\" content=\"Une couronne avec des gypsophiles s\u00e9ch\u00e9es. Un cadeau parfait pour touts occasion. Fleurs naturelles, s\u00e9ch\u00e9es\" \/>\n<meta name=\"robots\" content=\"index, follow, max-snippet:-1, max-image-preview:large, max-video-preview:-1\" \/>\n<link rel=\"canonical\" href=\"https:\/\/erine-fleur.com\/?product=eternel\" \/>\n<meta property=\"og:locale\" content=\"fr_FR\" \/>\n<meta property=\"og:type\" content=\"article\" \/>\n<meta property=\"og:title\" content=\"Eternel - Art et Fleur\" \/>\n<meta property=\"og:description\" content=\"Une couronne avec des gypsophiles s\u00e9ch\u00e9es. Un cadeau parfait pour touts occasion. Fleurs naturelles, s\u00e9ch\u00e9es\" \/>\n<meta property=\"og:url\" content=\"https:\/\/erine-fleur.com\/?product=eternel\" \/>\n<meta property=\"og:site_name\" content=\"Art et Fleur\" \/>\n<meta property=\"article:modified_time\" content=\"2022-12-15T14:06:16+00:00\" \/>\n<meta property=\"og:image\" content=\"https:\/\/erine-fleur.com\/wp-content\/uploads\/2022\/12\/IMG-0285-794x1024.png\" \/>\n\t<meta property=\"og:image:width\" content=\"794\" \/>\n\t<meta property=\"og:image:height\" content=\"1024\" \/>\n\t<meta property=\"og:image:type\" content=\"image\/png\" \/>\n<meta name=\"twitter:card\" content=\"summary_large_image\" \/>\n<script type=\"application\/ld+json\" class=\"yoast-schema-graph\">{\"@context\":\"https:\/\/schema.org\",\"@graph\":[{\"@type\":\"WebPage\",\"@id\":\"https:\/\/erine-fleur.com\/?product=eternel\",\"url\":\"https:\/\/erine-fleur.com\/?product=eternel\",\"name\":\"Eternel - Art et Fleur\",\"isPartOf\":{\"@id\":\"https:\/\/erine-fleur.com\/#website\"},\"primaryImageOfPage\":{\"@id\":\"https:\/\/erine-fleur.com\/?product=eternel#primaryimage\"},\"image\":{\"@id\":\"https:\/\/erine-fleur.com\/?product=eternel#primaryimage\"},\"thumbnailUrl\":\"https:\/\/erine-fleur.com\/wp-content\/uploads\/2022\/12\/IMG-0285-e1671089962820.png\",\"datePublished\":\"2022-12-14T22:30:05+00:00\",\"dateModified\":\"2022-12-15T14:06:16+00:00\",\"description\":\"Une couronne avec des gypsophiles s\u00e9ch\u00e9es. Un cadeau parfait pour touts occasion. Fleurs naturelles, s\u00e9ch\u00e9es\",\"breadcrumb\":{\"@id\":\"https:\/\/erine-fleur.com\/?product=eternel#breadcrumb\"},\"inLanguage\":\"fr-FR\",\"potentialAction\":[{\"@type\":\"ReadAction\",\"target\":[\"https:\/\/erine-fleur.com\/?product=eternel\"]}]},{\"@type\":\"ImageObject\",\"inLanguage\":\"fr-FR\",\"@id\":\"https:\/\/erine-fleur.com\/?product=eternel#primaryimage\",\"url\":\"https:\/\/erine-fleur.com\/wp-content\/uploads\/2022\/12\/IMG-0285-e1671089962820.png\",\"contentUrl\":\"https:\/\/erine-fleur.com\/wp-content\/uploads\/2022\/12\/IMG-0285-e1671089962820.png\",\"width\":713,\"height\":920},{\"@type\":\"BreadcrumbList\",\"@id\":\"https:\/\/erine-fleur.com\/?product=eternel#breadcrumb\",\"itemListElement\":[{\"@type\":\"ListItem\",\"position\":1,\"name\":\"Accueil\",\"item\":\"https:\/\/erine-fleur.com\/\"},{\"@type\":\"ListItem\",\"position\":2,\"name\":\"Produits\",\"item\":\"https:\/\/erine-fleur.com\/?post_type=product\"},{\"@type\":\"ListItem\",\"position\":3,\"name\":\"Eternel\"}]},{\"@type\":\"WebSite\",\"@id\":\"https:\/\/erine-fleur.com\/#website\",\"url\":\"https:\/\/erine-fleur.com\/\",\"name\":\"Art et Fleur\",\"description\":\"Boutique de fleur \u00e0 Gap\",\"potentialAction\":[{\"@type\":\"SearchAction\",\"target\":{\"@type\":\"EntryPoint\",\"urlTemplate\":\"https:\/\/erine-fleur.com\/?s={search_term_string}\"},\"query-input\":{\"@type\":\"PropertyValueSpecification\",\"valueRequired\":true,\"valueName\":\"search_term_string\"}}],\"inLanguage\":\"fr-FR\"}]}<\/script>\n<!-- \/ Yoast SEO plugin. -->","yoast_head_json":{"title":"Eternel - Art et Fleur","description":"Une couronne avec des gypsophiles s\u00e9ch\u00e9es. Un cadeau parfait pour touts occasion. Fleurs naturelles, s\u00e9ch\u00e9es","robots":{"index":"index","follow":"follow","max-snippet":"max-snippet:-1","max-image-preview":"max-image-preview:large","max-video-preview":"max-video-preview:-1"},"canonical":"https:\/\/erine-fleur.com\/?product=eternel","og_locale":"fr_FR","og_type":"article","og_title":"Eternel - Art et Fleur","og_description":"Une couronne avec des gypsophiles s\u00e9ch\u00e9es. Un cadeau parfait pour touts occasion. Fleurs naturelles, s\u00e9ch\u00e9es","og_url":"https:\/\/erine-fleur.com\/?product=eternel","og_site_name":"Art et Fleur","article_modified_time":"2022-12-15T14:06:16+00:00","og_image":[{"width":794,"height":1024,"url":"https:\/\/erine-fleur.com\/wp-content\/uploads\/2022\/12\/IMG-0285-794x1024.png","type":"image\/png"}],"twitter_card":"summary_large_image","schema":{"@context":"https:\/\/schema.org","@graph":[{"@type":"WebPage","@id":"https:\/\/erine-fleur.com\/?product=eternel","url":"https:\/\/erine-fleur.com\/?product=eternel","name":"Eternel - Art et Fleur","isPartOf":{"@id":"https:\/\/erine-fleur.com\/#website"},"primaryImageOfPage":{"@id":"https:\/\/erine-fleur.com\/?product=eternel#primaryimage"},"image":{"@id":"https:\/\/erine-fleur.com\/?product=eternel#primaryimage"},"thumbnailUrl":"https:\/\/erine-fleur.com\/wp-content\/uploads\/2022\/12\/IMG-0285-e1671089962820.png","datePublished":"2022-12-14T22:30:05+00:00","dateModified":"2022-12-15T14:06:16+00:00","description":"Une couronne avec des gypsophiles s\u00e9ch\u00e9es. Un cadeau parfait pour touts occasion. Fleurs naturelles, s\u00e9ch\u00e9es","breadcrumb":{"@id":"https:\/\/erine-fleur.com\/?product=eternel#breadcrumb"},"inLanguage":"fr-FR","potentialAction":[{"@type":"ReadAction","target":["https:\/\/erine-fleur.com\/?product=eternel"]}]},{"@type":"ImageObject","inLanguage":"fr-FR","@id":"https:\/\/erine-fleur.com\/?product=eternel#primaryimage","url":"https:\/\/erine-fleur.com\/wp-content\/uploads\/2022\/12\/IMG-0285-e1671089962820.png","contentUrl":"https:\/\/erine-fleur.com\/wp-content\/uploads\/2022\/12\/IMG-0285-e1671089962820.png","width":713,"height":920},{"@type":"BreadcrumbList","@id":"https:\/\/erine-fleur.com\/?product=eternel#breadcrumb","itemListElement":[{"@type":"ListItem","position":1,"name":"Accueil","item":"https:\/\/erine-fleur.com\/"},{"@type":"ListItem","position":2,"name":"Produits","item":"https:\/\/erine-fleur.com\/?post_type=product"},{"@type":"ListItem","position":3,"name":"Eternel"}]},{"@type":"WebSite","@id":"https:\/\/erine-fleur.com\/#website","url":"https:\/\/erine-fleur.com\/","name":"Art et Fleur","description":"Boutique de fleur \u00e0 Gap","potentialAction":[{"@type":"SearchAction","target":{"@type":"EntryPoint","urlTemplate":"https:\/\/erine-fleur.com\/?s={search_term_string}"},"query-input":{"@type":"PropertyValueSpecification","valueRequired":true,"valueName":"search_term_string"}}],"inLanguage":"fr-FR"}]}},"_links":{"self":[{"href":"https:\/\/erine-fleur.com\/index.php?rest_route=\/wp\/v2\/product\/882","targetHints":{"allow":["GET"]}}],"collection":[{"href":"https:\/\/erine-fleur.com\/index.php?rest_route=\/wp\/v2\/product"}],"about":[{"href":"https:\/\/erine-fleur.com\/index.php?rest_route=\/wp\/v2\/types\/product"}],"replies":[{"embeddable":true,"href":"https:\/\/erine-fleur.com\/index.php?rest_route=%2Fwp%2Fv2%2Fcomments&post=882"}],"wp:featuredmedia":[{"embeddable":true,"href":"https:\/\/erine-fleur.com\/index.php?rest_route=\/wp\/v2\/media\/864"}],"wp:attachment":[{"href":"https:\/\/erine-fleur.com\/index.php?rest_route=%2Fwp%2Fv2%2Fmedia&parent=882"}],"wp:term":[{"taxonomy":"product_brand","embeddable":true,"href":"https:\/\/erine-fleur.com\/index.php?rest_route=%2Fwp%2Fv2%2Fproduct_brand&post=882"},{"taxonomy":"product_cat","embeddable":true,"href":"https:\/\/erine-fleur.com\/index.php?rest_route=%2Fwp%2Fv2%2Fproduct_cat&post=882"},{"taxonomy":"product_tag","embeddable":true,"href":"https:\/\/erine-fleur.com\/index.php?rest_route=%2Fwp%2Fv2%2Fproduct_tag&post=882"}],"curies":[{"name":"wp","href":"https:\/\/api.w.org\/{rel}","templated":true}]}}