{"id":888,"date":"2022-12-14T23:39:15","date_gmt":"2022-12-14T22:39:15","guid":{"rendered":"https:\/\/erine-fleur.com\/?post_type=product&#038;p=888"},"modified":"2022-12-15T09:29:00","modified_gmt":"2022-12-15T08:29:00","slug":"pastel","status":"publish","type":"product","link":"https:\/\/erine-fleur.com\/?product=pastel","title":{"rendered":"Pastel"},"content":{"rendered":"<p>Cette composition florale vous invite \u00e0 cr\u00e9er une surprise pleine de tendresse aupr\u00e8s de votre destinataire, quelle que soit l&rsquo;occasion.<\/p>\n","protected":false},"excerpt":{"rendered":"<p>Cette composition florale vous invite \u00e0 cr\u00e9er une surprise pleine de tendresse aupr\u00e8s de votre destinataire, quelle que soit l&rsquo;occasion.<\/p>\n","protected":false},"featured_media":863,"comment_status":"closed","ping_status":"closed","template":"","meta":{"_et_pb_use_builder":"","_et_pb_old_content":"","_et_gb_content_width":""},"product_brand":[],"product_cat":[40],"product_tag":[],"class_list":{"0":"post-888","1":"product","2":"type-product","3":"status-publish","4":"has-post-thumbnail","6":"product_cat-composition-florale","8":"first","9":"instock","10":"shipping-taxable","11":"purchasable","12":"product-type-simple"},"yoast_head":"<!-- This site is optimized with the Yoast SEO plugin v26.8 - https:\/\/yoast.com\/product\/yoast-seo-wordpress\/ -->\n<title>Pastel - Art et Fleur<\/title>\n<meta name=\"robots\" content=\"index, follow, max-snippet:-1, max-image-preview:large, max-video-preview:-1\" \/>\n<link rel=\"canonical\" href=\"https:\/\/erine-fleur.com\/?product=pastel\" \/>\n<meta property=\"og:locale\" content=\"fr_FR\" \/>\n<meta property=\"og:type\" content=\"article\" \/>\n<meta property=\"og:title\" content=\"Pastel - Art et Fleur\" \/>\n<meta property=\"og:description\" content=\"Cette composition florale vous invite \u00e0 cr\u00e9er une surprise pleine de tendresse aupr\u00e8s de votre destinataire, quelle que soit l&rsquo;occasion.\" \/>\n<meta property=\"og:url\" content=\"https:\/\/erine-fleur.com\/?product=pastel\" \/>\n<meta property=\"og:site_name\" content=\"Art et Fleur\" \/>\n<meta property=\"article:modified_time\" content=\"2022-12-15T08:29:00+00:00\" \/>\n<meta property=\"og:image\" content=\"https:\/\/erine-fleur.com\/wp-content\/uploads\/2022\/12\/IMG-5380.png\" \/>\n\t<meta property=\"og:image:width\" content=\"577\" \/>\n\t<meta property=\"og:image:height\" content=\"920\" \/>\n\t<meta property=\"og:image:type\" content=\"image\/png\" \/>\n<meta name=\"twitter:card\" content=\"summary_large_image\" \/>\n<script type=\"application\/ld+json\" class=\"yoast-schema-graph\">{\"@context\":\"https:\/\/schema.org\",\"@graph\":[{\"@type\":\"WebPage\",\"@id\":\"https:\/\/erine-fleur.com\/?product=pastel\",\"url\":\"https:\/\/erine-fleur.com\/?product=pastel\",\"name\":\"Pastel - Art et Fleur\",\"isPartOf\":{\"@id\":\"https:\/\/erine-fleur.com\/#website\"},\"primaryImageOfPage\":{\"@id\":\"https:\/\/erine-fleur.com\/?product=pastel#primaryimage\"},\"image\":{\"@id\":\"https:\/\/erine-fleur.com\/?product=pastel#primaryimage\"},\"thumbnailUrl\":\"https:\/\/erine-fleur.com\/wp-content\/uploads\/2022\/12\/IMG-5380.png\",\"datePublished\":\"2022-12-14T22:39:15+00:00\",\"dateModified\":\"2022-12-15T08:29:00+00:00\",\"breadcrumb\":{\"@id\":\"https:\/\/erine-fleur.com\/?product=pastel#breadcrumb\"},\"inLanguage\":\"fr-FR\",\"potentialAction\":[{\"@type\":\"ReadAction\",\"target\":[\"https:\/\/erine-fleur.com\/?product=pastel\"]}]},{\"@type\":\"ImageObject\",\"inLanguage\":\"fr-FR\",\"@id\":\"https:\/\/erine-fleur.com\/?product=pastel#primaryimage\",\"url\":\"https:\/\/erine-fleur.com\/wp-content\/uploads\/2022\/12\/IMG-5380.png\",\"contentUrl\":\"https:\/\/erine-fleur.com\/wp-content\/uploads\/2022\/12\/IMG-5380.png\",\"width\":577,\"height\":920},{\"@type\":\"BreadcrumbList\",\"@id\":\"https:\/\/erine-fleur.com\/?product=pastel#breadcrumb\",\"itemListElement\":[{\"@type\":\"ListItem\",\"position\":1,\"name\":\"Accueil\",\"item\":\"https:\/\/erine-fleur.com\/\"},{\"@type\":\"ListItem\",\"position\":2,\"name\":\"Produits\",\"item\":\"https:\/\/erine-fleur.com\/?post_type=product\"},{\"@type\":\"ListItem\",\"position\":3,\"name\":\"Pastel\"}]},{\"@type\":\"WebSite\",\"@id\":\"https:\/\/erine-fleur.com\/#website\",\"url\":\"https:\/\/erine-fleur.com\/\",\"name\":\"Art et Fleur\",\"description\":\"Boutique de fleur \u00e0 Gap\",\"potentialAction\":[{\"@type\":\"SearchAction\",\"target\":{\"@type\":\"EntryPoint\",\"urlTemplate\":\"https:\/\/erine-fleur.com\/?s={search_term_string}\"},\"query-input\":{\"@type\":\"PropertyValueSpecification\",\"valueRequired\":true,\"valueName\":\"search_term_string\"}}],\"inLanguage\":\"fr-FR\"}]}<\/script>\n<!-- \/ Yoast SEO plugin. -->","yoast_head_json":{"title":"Pastel - Art et Fleur","robots":{"index":"index","follow":"follow","max-snippet":"max-snippet:-1","max-image-preview":"max-image-preview:large","max-video-preview":"max-video-preview:-1"},"canonical":"https:\/\/erine-fleur.com\/?product=pastel","og_locale":"fr_FR","og_type":"article","og_title":"Pastel - Art et Fleur","og_description":"Cette composition florale vous invite \u00e0 cr\u00e9er une surprise pleine de tendresse aupr\u00e8s de votre destinataire, quelle que soit l&rsquo;occasion.","og_url":"https:\/\/erine-fleur.com\/?product=pastel","og_site_name":"Art et Fleur","article_modified_time":"2022-12-15T08:29:00+00:00","og_image":[{"width":577,"height":920,"url":"https:\/\/erine-fleur.com\/wp-content\/uploads\/2022\/12\/IMG-5380.png","type":"image\/png"}],"twitter_card":"summary_large_image","schema":{"@context":"https:\/\/schema.org","@graph":[{"@type":"WebPage","@id":"https:\/\/erine-fleur.com\/?product=pastel","url":"https:\/\/erine-fleur.com\/?product=pastel","name":"Pastel - Art et Fleur","isPartOf":{"@id":"https:\/\/erine-fleur.com\/#website"},"primaryImageOfPage":{"@id":"https:\/\/erine-fleur.com\/?product=pastel#primaryimage"},"image":{"@id":"https:\/\/erine-fleur.com\/?product=pastel#primaryimage"},"thumbnailUrl":"https:\/\/erine-fleur.com\/wp-content\/uploads\/2022\/12\/IMG-5380.png","datePublished":"2022-12-14T22:39:15+00:00","dateModified":"2022-12-15T08:29:00+00:00","breadcrumb":{"@id":"https:\/\/erine-fleur.com\/?product=pastel#breadcrumb"},"inLanguage":"fr-FR","potentialAction":[{"@type":"ReadAction","target":["https:\/\/erine-fleur.com\/?product=pastel"]}]},{"@type":"ImageObject","inLanguage":"fr-FR","@id":"https:\/\/erine-fleur.com\/?product=pastel#primaryimage","url":"https:\/\/erine-fleur.com\/wp-content\/uploads\/2022\/12\/IMG-5380.png","contentUrl":"https:\/\/erine-fleur.com\/wp-content\/uploads\/2022\/12\/IMG-5380.png","width":577,"height":920},{"@type":"BreadcrumbList","@id":"https:\/\/erine-fleur.com\/?product=pastel#breadcrumb","itemListElement":[{"@type":"ListItem","position":1,"name":"Accueil","item":"https:\/\/erine-fleur.com\/"},{"@type":"ListItem","position":2,"name":"Produits","item":"https:\/\/erine-fleur.com\/?post_type=product"},{"@type":"ListItem","position":3,"name":"Pastel"}]},{"@type":"WebSite","@id":"https:\/\/erine-fleur.com\/#website","url":"https:\/\/erine-fleur.com\/","name":"Art et Fleur","description":"Boutique de fleur \u00e0 Gap","potentialAction":[{"@type":"SearchAction","target":{"@type":"EntryPoint","urlTemplate":"https:\/\/erine-fleur.com\/?s={search_term_string}"},"query-input":{"@type":"PropertyValueSpecification","valueRequired":true,"valueName":"search_term_string"}}],"inLanguage":"fr-FR"}]}},"_links":{"self":[{"href":"https:\/\/erine-fleur.com\/index.php?rest_route=\/wp\/v2\/product\/888","targetHints":{"allow":["GET"]}}],"collection":[{"href":"https:\/\/erine-fleur.com\/index.php?rest_route=\/wp\/v2\/product"}],"about":[{"href":"https:\/\/erine-fleur.com\/index.php?rest_route=\/wp\/v2\/types\/product"}],"replies":[{"embeddable":true,"href":"https:\/\/erine-fleur.com\/index.php?rest_route=%2Fwp%2Fv2%2Fcomments&post=888"}],"wp:featuredmedia":[{"embeddable":true,"href":"https:\/\/erine-fleur.com\/index.php?rest_route=\/wp\/v2\/media\/863"}],"wp:attachment":[{"href":"https:\/\/erine-fleur.com\/index.php?rest_route=%2Fwp%2Fv2%2Fmedia&parent=888"}],"wp:term":[{"taxonomy":"product_brand","embeddable":true,"href":"https:\/\/erine-fleur.com\/index.php?rest_route=%2Fwp%2Fv2%2Fproduct_brand&post=888"},{"taxonomy":"product_cat","embeddable":true,"href":"https:\/\/erine-fleur.com\/index.php?rest_route=%2Fwp%2Fv2%2Fproduct_cat&post=888"},{"taxonomy":"product_tag","embeddable":true,"href":"https:\/\/erine-fleur.com\/index.php?rest_route=%2Fwp%2Fv2%2Fproduct_tag&post=888"}],"curies":[{"name":"wp","href":"https:\/\/api.w.org\/{rel}","templated":true}]}}